{"id":1295,"date":"2021-09-27T10:11:34","date_gmt":"2021-09-27T14:11:34","guid":{"rendered":"https:\/\/stagsotb2016.wpengine.com\/?page_id=1295"},"modified":"2021-09-29T09:18:33","modified_gmt":"2021-09-29T13:18:33","slug":"temperate-forests","status":"publish","type":"page","link":"https:\/\/www.stateofthebirds.org\/2016\/es\/habitats\/temperate-forests\/","title":{"rendered":"Bosques templados"},"content":{"rendered":"\n<figure class=\"wp-block-image alignwide size-large wp-image-746 size-full\"><img decoding=\"async\" width=\"1280\" height=\"685\" data-src=\"https:\/\/www.stateofthebirds.org\/2016\/wp-content\/uploads\/2016\/04\/EastTemperate-Forest_new-1280x685.jpg\" alt=\"Eastern temperate forest\" class=\"wp-image-746 lazyload\" data-srcset=\"https:\/\/www.stateofthebirds.org\/2016\/wp-content\/uploads\/2016\/04\/EastTemperate-Forest_new-1280x685.jpg 1280w, https:\/\/www.stateofthebirds.org\/2016\/wp-content\/uploads\/2016\/04\/EastTemperate-Forest_new-720x386.jpg 720w, https:\/\/www.stateofthebirds.org\/2016\/wp-content\/uploads\/2016\/04\/EastTemperate-Forest_new-768x411.jpg 768w, https:\/\/www.stateofthebirds.org\/2016\/wp-content\/uploads\/2016\/04\/EastTemperate-Forest_new.jpg 1920w, https:\/\/www.stateofthebirds.org\/2016\/wp-content\/uploads\/2016\/04\/EastTemperate-Forest_new-480x257.jpg 480w\" data-sizes=\"(max-width: 1280px) 100vw, 1280px\" src=\"data:image\/svg+xml;base64,PHN2ZyB3aWR0aD0iMSIgaGVpZ2h0PSIxIiB4bWxucz0iaHR0cDovL3d3dy53My5vcmcvMjAwMC9zdmciPjwvc3ZnPg==\" style=\"--smush-placeholder-width: 1280px; --smush-placeholder-aspect-ratio: 1280\/685;\" \/><figcaption>Bosque templade del este.&nbsp;<em>Foto:<\/em> <em>Nicholas A. Tonelli.<\/em><\/figcaption><\/figure>\n\n\n\n<h2 class=\"wp-block-heading\">La diversidad de aves depende de la diversidad de los bosques<\/h2>\n\n\n\n<div class=\"wp-block-image\"><figure class=\"alignright size-full\"><img decoding=\"async\" width=\"350\" height=\"260\" data-src=\"https:\/\/www.stateofthebirds.org\/2016\/wp-content\/uploads\/2021\/09\/ES-temperate-barchart.jpeg\" alt=\"Las aves de los bosques templados del oeste son de mayor preocupaci\u00f3n porque tien poblaciones y \u00e1reas de distribuci\u00f3n m\u00e1s peque\u00f1as que las especies del este\" class=\"wp-image-1469 lazyload\" src=\"data:image\/svg+xml;base64,PHN2ZyB3aWR0aD0iMSIgaGVpZ2h0PSIxIiB4bWxucz0iaHR0cDovL3d3dy53My5vcmcvMjAwMC9zdmciPjwvc3ZnPg==\" style=\"--smush-placeholder-width: 350px; --smush-placeholder-aspect-ratio: 350\/260;\" \/><\/figure><\/div>\n\n\n\n<p>Los bosques templados de Norteam\u00e9rica incluyen, entre otros, a los bosques de maple de Nueva&nbsp;Inglaterra y a los imponentes bosques antiguos del noroeste del Pac\u00edfico. En el lado este, existe&nbsp;m\u00e1s bosques en la actualidad que hace 100 a\u00f1os, aunque carecen de la diversidad de \u00e1rboles&nbsp;j\u00f3venes y viejos que conforman el h\u00e1bitat ideal para las aves. En el oeste, el fuego es un elemento&nbsp;clave para mantener bosques saludables y h\u00e1bitat de calidad para las aves, desde Canad\u00e1 hasta&nbsp;M\u00e9xico.<\/p>\n\n\n\n<h4 class=\"wp-block-heading\">Estatus: Tendencias positivas con algunas preocupaciones<\/h4>\n\n\n\n<p>De las 144 especies de aves de los&nbsp;bosques templados del este y el oeste, 30 se&nbsp;encuentran en la Lista de especies de preocupaci\u00f3n&nbsp;com\u00fan. Cerca de la mitad de las especies&nbsp;que anidan en los bosques templados&nbsp;del este de Canad\u00e1 y los Estados Unidos, pasan&nbsp;el invierno en las selvas tropicales h\u00famedas&nbsp;de M\u00e9xico. Algunas especies como el&nbsp;Zorzal Moteado (<em>Hylocichla mustelina<\/em>), est\u00e1n&nbsp;declinando r\u00e1pidamente.<\/p>\n\n\n\n<p>Ochenta por ciento de las aves de los&nbsp;bosques templados del oeste, pasan el invierno&nbsp;en los bosques del oeste de M\u00e9xico. Especies&nbsp;como la Piranga Capucha Roja (<em>Piranga ludoviciana<\/em>),&nbsp;viven en bosques manejados con fuego&nbsp;en los dos extremos de su ciclo de vida. Hist\u00f3ricamente&nbsp;los incendios naturales eran iniciados&nbsp;por rayos y por personas. En la actualidad los incendios&nbsp;forestales dependen de las decisiones&nbsp;de los manejadores del bosque para mantenerlos&nbsp;saludables, libres de plagas y resilientes&nbsp;frente al cambio clim\u00e1tico.<\/p>\n\n\n\n<figure class=\"wp-block-gallery columns-3 is-cropped wp-block-gallery-1 is-layout-flex wp-block-gallery-is-layout-flex\"><ul class=\"blocks-gallery-grid\"><li class=\"blocks-gallery-item\"><figure><a href=\"https:\/\/www.stateofthebirds.org\/2016\/es\/habitats\/temperate-forests\/es_garcia-woth\/\"><img decoding=\"async\" width=\"1280\" height=\"1256\" data-src=\"https:\/\/www.stateofthebirds.org\/2016\/wp-content\/uploads\/2021\/09\/ES_garcia-woth-1280x1256.jpeg\" alt=\"\" data-id=\"1470\" data-full-url=\"https:\/\/www.stateofthebirds.org\/2016\/wp-content\/uploads\/2021\/09\/ES_garcia-woth.jpeg\" data-link=\"https:\/\/www.stateofthebirds.org\/2016\/es\/habitats\/temperate-forests\/es_garcia-woth\/\" class=\"wp-image-1470 lazyload\" data-srcset=\"https:\/\/www.stateofthebirds.org\/2016\/wp-content\/uploads\/2021\/09\/ES_garcia-woth-1280x1256.jpeg 1280w, https:\/\/www.stateofthebirds.org\/2016\/wp-content\/uploads\/2021\/09\/ES_garcia-woth-720x706.jpeg 720w, https:\/\/www.stateofthebirds.org\/2016\/wp-content\/uploads\/2021\/09\/ES_garcia-woth-768x753.jpeg 768w, https:\/\/www.stateofthebirds.org\/2016\/wp-content\/uploads\/2021\/09\/ES_garcia-woth-1536x1507.jpeg 1536w, https:\/\/www.stateofthebirds.org\/2016\/wp-content\/uploads\/2021\/09\/ES_garcia-woth-480x471.jpeg 480w, https:\/\/www.stateofthebirds.org\/2016\/wp-content\/uploads\/2021\/09\/ES_garcia-woth.jpeg 1578w\" data-sizes=\"(max-width: 1280px) 100vw, 1280px\" src=\"data:image\/svg+xml;base64,PHN2ZyB3aWR0aD0iMSIgaGVpZ2h0PSIxIiB4bWxucz0iaHR0cDovL3d3dy53My5vcmcvMjAwMC9zdmciPjwvc3ZnPg==\" style=\"--smush-placeholder-width: 1280px; --smush-placeholder-aspect-ratio: 1280\/1256;\" \/><\/a><figcaption class=\"blocks-gallery-item__caption\">Mapa anual de distribuci\u00f3n del Zorzal Moteado. <a href=\"https:\/\/www.stateofthebirds.org\/2016\/wp-content\/uploads\/2021\/09\/ES_garcia-woth.jpeg\">Mapa en tama\u00f1o grande.<\/a><\/figcaption><\/figure><\/li><li class=\"blocks-gallery-item\"><figure><a href=\"https:\/\/www.stateofthebirds.org\/2016\/es\/habitats\/temperate-forests\/es-garcia-weta\/\"><img decoding=\"async\" width=\"1280\" height=\"1249\" data-src=\"https:\/\/www.stateofthebirds.org\/2016\/wp-content\/uploads\/2021\/09\/ES-garcia-weta-1280x1249.jpeg\" alt=\"\" data-id=\"1472\" data-full-url=\"https:\/\/www.stateofthebirds.org\/2016\/wp-content\/uploads\/2021\/09\/ES-garcia-weta.jpeg\" data-link=\"https:\/\/www.stateofthebirds.org\/2016\/es\/habitats\/temperate-forests\/es-garcia-weta\/\" class=\"wp-image-1472 lazyload\" data-srcset=\"https:\/\/www.stateofthebirds.org\/2016\/wp-content\/uploads\/2021\/09\/ES-garcia-weta-1280x1249.jpeg 1280w, https:\/\/www.stateofthebirds.org\/2016\/wp-content\/uploads\/2021\/09\/ES-garcia-weta-720x703.jpeg 720w, https:\/\/www.stateofthebirds.org\/2016\/wp-content\/uploads\/2021\/09\/ES-garcia-weta-768x750.jpeg 768w, https:\/\/www.stateofthebirds.org\/2016\/wp-content\/uploads\/2021\/09\/ES-garcia-weta-1536x1499.jpeg 1536w, https:\/\/www.stateofthebirds.org\/2016\/wp-content\/uploads\/2021\/09\/ES-garcia-weta-480x469.jpeg 480w, https:\/\/www.stateofthebirds.org\/2016\/wp-content\/uploads\/2021\/09\/ES-garcia-weta.jpeg 1590w\" data-sizes=\"(max-width: 1280px) 100vw, 1280px\" src=\"data:image\/svg+xml;base64,PHN2ZyB3aWR0aD0iMSIgaGVpZ2h0PSIxIiB4bWxucz0iaHR0cDovL3d3dy53My5vcmcvMjAwMC9zdmciPjwvc3ZnPg==\" style=\"--smush-placeholder-width: 1280px; --smush-placeholder-aspect-ratio: 1280\/1249;\" \/><\/a><figcaption class=\"blocks-gallery-item__caption\">Mapa anual de distribuci\u00f3n de la Tangara Capucha Roja. <a href=\"https:\/\/www.stateofthebirds.org\/2016\/wp-content\/uploads\/2021\/09\/ES-garcia-weta.jpeg\">Mapa en tama\u00f1o grande.<\/a><\/figcaption><\/figure><\/li><\/ul><\/figure>\n\n\n\n<h3 class=\"wp-block-heading\">Aprender de los Logros: Compartir las mejores pr\u00e1cticas entre los&nbsp;tres pa\u00edses<\/h3>\n\n\n\n<p>El programa&nbsp;Quercus y Aves ha&nbsp;establecido prioridades de restauraci\u00f3n para&nbsp;bosques de encino a lo largo de la costa del&nbsp;Pac\u00edfico de Norteam\u00e9rica. Las alianzas regionales&nbsp;promovidas por este proyecto han contribuido&nbsp;a la restauraci\u00f3n de estos bosques en&nbsp;m\u00e1s de 20 sitios en la Columbia Brit\u00e1nica, Washington&nbsp;y Oregon. En M\u00e9xico la alianza regional&nbsp;para bosques de pino-encino ha contribuido a la&nbsp;restauraci\u00f3n de m\u00e1s de un mill\u00f3n de hect\u00e1reas&nbsp;en Guerrero, Oaxaca y Chiapas, extendi\u00e9ndose&nbsp;m\u00e1s al sur, hasta Guatemala y Honduras.<\/p>\n\n\n\n<h3 class=\"wp-block-heading\">Entrar en Acci\u00f3n: Los bosque necesitan manejo de alta calidad<\/h3>\n\n\n\n<div class=\"wp-block-image\"><figure class=\"alignright size-large\"><img decoding=\"async\" width=\"700\" height=\"410\" data-src=\"https:\/\/www.stateofthebirds.org\/2016\/wp-content\/uploads\/2016\/04\/Fire_Lomakatsi_Restoration_Project.jpg\" alt=\"Prescribed fire in oak woodlands.\" class=\"wp-image-322 lazyload\" data-srcset=\"https:\/\/www.stateofthebirds.org\/2016\/wp-content\/uploads\/2016\/04\/Fire_Lomakatsi_Restoration_Project.jpg 700w, https:\/\/www.stateofthebirds.org\/2016\/wp-content\/uploads\/2016\/04\/Fire_Lomakatsi_Restoration_Project-480x281.jpg 480w\" data-sizes=\"(max-width: 700px) 100vw, 700px\" src=\"data:image\/svg+xml;base64,PHN2ZyB3aWR0aD0iMSIgaGVpZ2h0PSIxIiB4bWxucz0iaHR0cDovL3d3dy53My5vcmcvMjAwMC9zdmciPjwvc3ZnPg==\" style=\"--smush-placeholder-width: 700px; --smush-placeholder-aspect-ratio: 700\/410;\" \/><figcaption>El programa Quercus y Aves y el Klamath Siskiyou Oak Network colaboran en quemas prescritas en los encinares de Oregon y el norte de California.&nbsp;<em>Foto: Lomakatski Restoration Project.<\/em><\/figcaption><\/figure><\/div>\n\n\n\n<p>Nuestros bosques templados pueden ser manejados para lograr objetivos de conservaci\u00f3n&nbsp;y contribuir a mejorar las econom\u00edas locales.<\/p>\n\n\n\n<ul class=\"wp-block-list\"><li>La Alianza para los Apalaches del Servicio de Pesca y Vida Silvestre de EUA, est\u00e1 planificando establecer&nbsp;una mezcla de diferentes tipos de bosque entre Nueva York y Alabama. Integrar objetivos&nbsp;de conservaci\u00f3n de aves en los planes de manejo forestal, contribuir\u00e1 a diversificar los h\u00e1bitats&nbsp;en el este de los Estados Unidos.<\/li><li>M\u00e1s de una docena de proyectos piloto en el oeste de Canad\u00e1, Estados Unidos y M\u00e9xico, planifican&nbsp;el manejo forestal con bases cient\u00edficas, adem\u00e1s de apoyar los mercados de productos&nbsp;forestales. Este tipo de proyectos pueden servir de ejemplo para establecer objetivos de conservaci\u00f3n&nbsp;aves y h\u00e1bitats, adem\u00e1s de fortalecer las econom\u00edas locales.<\/li><\/ul>\n","protected":false},"excerpt":{"rendered":"<p>La diversidad de aves depende de la diversidad de los bosques Los bosques templados de Norteam\u00e9rica incluyen, entre otros, a los bosques de maple de Nueva&nbsp;Inglaterra y a los imponentes bosques antiguos del noroeste del Pac\u00edfico. En el lado este, existe&nbsp;m\u00e1s bosques en la actualidad que hace 100 a\u00f1os, aunque carecen de la diversidad de<a class=\"excerpt-read-more\" href=\"https:\/\/www.stateofthebirds.org\/2016\/es\/habitats\/temperate-forests\/\" title=\"ReadBosques templados\">&#8230; Read more &raquo;<\/a><\/p>\n","protected":false},"author":1,"featured_media":746,"parent":1290,"menu_order":0,"comment_status":"closed","ping_status":"closed","template":"","meta":{"_birdpress_hero_toggle":false,"_birdpress_hero_type":"image","_birdpress_hero_image_type":"image","_birdpress_hero_style":"default","_birdpress_hero_ratio":"","_birdpress_hero_h1":"","_birdpress_hero_media_id":0,"_birdpress_hero_media_array_id":[],"_birdpress_hero_media_array":[],"_birdpress_hero_media":0,"_birdpress_hero_video_id":0,"_birdpress_hero_video":0,"_birdpress_hero_youtube":"","_birdpress_hero_content":true,"_birdpress_hero_byline":"","_birdpress_hero_byline_bottom":"","_birdpress_hero_button_link":"","_birdpress_hero_button_text":"","_birdpress_hero_button_color":"","_birdpress_hero_date":false,"original_guid":"","_birdpress_hide_search":false,"_birdpress_page_width":"","_birdpress_global_cta":false,"_birdpress_widget_sidebar":"","_birdpress_next_article":0,"_birdpress_next_article_title":"","_birdpress_prev_article":0,"_birdpress_prev_article_title":"","_birdpress_sub_navigation_id":0,"_birdpress_sub_navigation":"","_birdpress_sub_navigation_title":false,"_birdpress_anchor_navigation_id":0,"_birdpress_anchor_navigation":"","_birdpress_postType":"both","_birdpress_categoryID":0,"_birdpress_tagID":0,"_birdpress_parentPostID":0,"_birdpress_parentPostTitle":"","_birdpress_menuID":0,"_birdpress_menuName":"","_birdpress_listHeader":"","_birdpress_listLayout":"card-display","_birdpress_listColumns":"","_birdpress_maxItems":12,"_birdpress_listPaginate":true,"_birdpress_displaySort":true,"_birdpress_sortOrder":"DESC","_birdpress_sortBy":"date","_birdpress_listID":"","_birdpress_listClass":"","_birdpress_displayImages":true,"_birdpress_displayCaptions":false,"_birdpress_displayExcerpts":false,"_birdpress_attTop":"","_birdpress_attBottom":"","_birdpress_showLogos":false,"_birdpress_post_logo":0,"footnotes":""},"class_list":["post-1295","page","type-page","status-publish","has-post-thumbnail","hentry"],"lang":"es","translations":{"es":1295,"en":42,"fr":1303},"pll_sync_post":[],"_links":{"self":[{"href":"https:\/\/www.stateofthebirds.org\/2016\/wp-json\/wp\/v2\/pages\/1295","targetHints":{"allow":["GET"]}}],"collection":[{"href":"https:\/\/www.stateofthebirds.org\/2016\/wp-json\/wp\/v2\/pages"}],"about":[{"href":"https:\/\/www.stateofthebirds.org\/2016\/wp-json\/wp\/v2\/types\/page"}],"author":[{"embeddable":true,"href":"https:\/\/www.stateofthebirds.org\/2016\/wp-json\/wp\/v2\/users\/1"}],"replies":[{"embeddable":true,"href":"https:\/\/www.stateofthebirds.org\/2016\/wp-json\/wp\/v2\/comments?post=1295"}],"version-history":[{"count":0,"href":"https:\/\/www.stateofthebirds.org\/2016\/wp-json\/wp\/v2\/pages\/1295\/revisions"}],"up":[{"embeddable":true,"href":"https:\/\/www.stateofthebirds.org\/2016\/wp-json\/wp\/v2\/pages\/1290"}],"wp:featuredmedia":[{"embeddable":true,"href":"https:\/\/www.stateofthebirds.org\/2016\/wp-json\/wp\/v2\/media\/746"}],"wp:attachment":[{"href":"https:\/\/www.stateofthebirds.org\/2016\/wp-json\/wp\/v2\/media?parent=1295"}],"curies":[{"name":"wp","href":"https:\/\/api.w.org\/{rel}","templated":true}]}}