{"id":1296,"date":"2021-09-27T10:11:42","date_gmt":"2021-09-27T14:11:42","guid":{"rendered":"https:\/\/stagsotb2016.wpengine.com\/?page_id=1296"},"modified":"2021-09-29T09:16:39","modified_gmt":"2021-09-29T13:16:39","slug":"tropical-forests","status":"publish","type":"page","link":"https:\/\/www.stateofthebirds.org\/2016\/es\/habitats\/tropical-forests\/","title":{"rendered":"Bosques tropicales"},"content":{"rendered":"\n<figure class=\"wp-block-image alignwide size-large wp-image-749 size-full\"><img decoding=\"async\" width=\"1280\" height=\"685\" data-src=\"https:\/\/www.stateofthebirds.org\/2016\/wp-content\/uploads\/2016\/04\/TropicalForest_Roberto_Gonzalez_New-1280x685.jpg\" alt=\"Tropica forest\" class=\"wp-image-749 lazyload\" data-srcset=\"https:\/\/www.stateofthebirds.org\/2016\/wp-content\/uploads\/2016\/04\/TropicalForest_Roberto_Gonzalez_New-1280x685.jpg 1280w, https:\/\/www.stateofthebirds.org\/2016\/wp-content\/uploads\/2016\/04\/TropicalForest_Roberto_Gonzalez_New-720x386.jpg 720w, https:\/\/www.stateofthebirds.org\/2016\/wp-content\/uploads\/2016\/04\/TropicalForest_Roberto_Gonzalez_New-768x411.jpg 768w, https:\/\/www.stateofthebirds.org\/2016\/wp-content\/uploads\/2016\/04\/TropicalForest_Roberto_Gonzalez_New.jpg 1920w, https:\/\/www.stateofthebirds.org\/2016\/wp-content\/uploads\/2016\/04\/TropicalForest_Roberto_Gonzalez_New-480x257.jpg 480w\" data-sizes=\"(max-width: 1280px) 100vw, 1280px\" src=\"data:image\/svg+xml;base64,PHN2ZyB3aWR0aD0iMSIgaGVpZ2h0PSIxIiB4bWxucz0iaHR0cDovL3d3dy53My5vcmcvMjAwMC9zdmciPjwvc3ZnPg==\" style=\"--smush-placeholder-width: 1280px; --smush-placeholder-aspect-ratio: 1280\/685;\" \/><figcaption>Bosques Tropicales.&nbsp;<em>Foto: Roberto Gonz\u00e1lez.<\/em><\/figcaption><\/figure>\n\n\n\n<h2 class=\"wp-block-heading\">La cuna de la diversidad de aves de Norteam\u00e9rica<\/h2>\n\n\n\n<div class=\"wp-block-image\"><figure class=\"alignright size-full\"><img decoding=\"async\" width=\"350\" height=\"300\" data-src=\"https:\/\/www.stateofthebirds.org\/2016\/wp-content\/uploads\/2021\/09\/ES-tropics-barchart.jpeg\" alt=\"Las especies de todos los tipos de bosques tropicales est\u00e1n en alto riesgo extinci\u00f3n\" class=\"wp-image-1466 lazyload\" src=\"data:image\/svg+xml;base64,PHN2ZyB3aWR0aD0iMSIgaGVpZ2h0PSIxIiB4bWxucz0iaHR0cDovL3d3dy53My5vcmcvMjAwMC9zdmciPjwvc3ZnPg==\" style=\"--smush-placeholder-width: 350px; --smush-placeholder-aspect-ratio: 350\/300;\" \/><\/figure><\/div>\n\n\n\n<p>Los bosques tropicales en M\u00e9xico se extienden hacia Centroam\u00e9rica y mantienen a cerca de 500&nbsp;especies residentes de aves, as\u00ed como a m\u00e1s de 120 especies que migran desde Canad\u00e1 y los&nbsp;Estados Unidos. Desafortunadamente, la deforestaci\u00f3n y la fragmentaci\u00f3n han reducido estos h\u00e1bitats&nbsp;de importancia continental a peque\u00f1as \u00e1reas muy valiosas.<\/p>\n\n\n\n<h3 class=\"wp-block-heading\">Estatus: La mayor\u00eda de las especies est\u00e1n en peligro de extinci\u00f3n<\/h3>\n\n\n\n<p>La Mayor\u00eda de las especies residentes en el&nbsp;bosque tropical de M\u00e9xico, se encuentran en la&nbsp;Lista de especies de preocupaci\u00f3n com\u00fan debido&nbsp;a que sus poblaciones son peque\u00f1as y est\u00e1n&nbsp;fuertemente amenazadas. Las aves que viven en&nbsp;los bosques mes\u00f3filos en las partes altas de las&nbsp;monta\u00f1as, enfrentan los mayores riesgos y muchas&nbsp;de estas especies, como el Quetzal (<em>Pharomachrus&nbsp;mocinno<\/em>), se consideran en peligro de&nbsp;extinci\u00f3n en la Norma Oficial Mexicana-059 de&nbsp;Semarnat. Los bosques tropicales secos albergan&nbsp;48 especies end\u00e9micas de M\u00e9xico. Los bosques&nbsp;tropicales perennifolios son h\u00e1bitat vital para&nbsp;las aves migratorias; 20% de las especies que&nbsp;se reproducen en el bosque boreal pasan all\u00ed el&nbsp;invierno.<\/p>\n\n\n\n<h3 class=\"wp-block-heading\">Aprender de los logros: Las \u00c1reas Protegidas de M\u00e9xico<\/h3>\n\n\n\n<p>El gobiernp Mexicano, el Fondo&nbsp;Mundial para el Medio Ambiente (GEF) y otros&nbsp;colaboradores han invertido 174 millones de&nbsp;d\u00f3lares para conservar los bosques tropicales&nbsp;por medio del Sistema de \u00c1reas Naturales Protegidas.&nbsp;M\u00e1s de 350 personas que viven dentro&nbsp;o cerca de \u00e9stas \u00e1reas protegidas, se han&nbsp;unido a la Red de Monitoreo Comunitario de&nbsp;la CONABIO para evaluar los beneficios de la&nbsp;protecci\u00f3n. Los observadores voluntarios aportan&nbsp;datos de ciencia ciudadana que ayudan a&nbsp;evaluar el estatus de las especies residentes y&nbsp;migratorias.<\/p>\n\n\n\n<div class=\"wp-block-image wp-image-306\"><figure class=\"alignright\"><img decoding=\"async\" width=\"720\" height=\"479\" data-src=\"https:\/\/www.stateofthebirds.org\/2016\/wp-content\/uploads\/2016\/04\/Birdwtchers_Mexico_Ruben_Ortega-720x479.jpg\" alt=\"Bird watchers in Mexico.\" class=\"wp-image-306 lazyload\" data-srcset=\"https:\/\/www.stateofthebirds.org\/2016\/wp-content\/uploads\/2016\/04\/Birdwtchers_Mexico_Ruben_Ortega-720x479.jpg 720w, https:\/\/www.stateofthebirds.org\/2016\/wp-content\/uploads\/2016\/04\/Birdwtchers_Mexico_Ruben_Ortega-768x511.jpg 768w, https:\/\/www.stateofthebirds.org\/2016\/wp-content\/uploads\/2016\/04\/Birdwtchers_Mexico_Ruben_Ortega-480x320.jpg 480w, https:\/\/www.stateofthebirds.org\/2016\/wp-content\/uploads\/2016\/04\/Birdwtchers_Mexico_Ruben_Ortega.jpg 1062w\" data-sizes=\"(max-width: 720px) 100vw, 720px\" src=\"data:image\/svg+xml;base64,PHN2ZyB3aWR0aD0iMSIgaGVpZ2h0PSIxIiB4bWxucz0iaHR0cDovL3d3dy53My5vcmcvMjAwMC9zdmciPjwvc3ZnPg==\" style=\"--smush-placeholder-width: 720px; --smush-placeholder-aspect-ratio: 720\/479;\" \/><figcaption><em>Foto: Rub\u00e9n Ortega.<\/em><\/figcaption><\/figure><\/div>\n\n\n\n<h3 class=\"wp-block-heading\">Entrar en acci\u00f3n: Mejorar los bosques y la calidad de vida<\/h3>\n\n\n\n<p>Conservar los remanentes de bosques tropicales en M\u00e9xico requiere&nbsp;de la participaci\u00f3n directa de las comunidades locales, con el apoyo de aliados internacionales y de&nbsp;todos los mexicanos.<\/p>\n\n\n\n<ul class=\"wp-block-list\"><li>Casi 20% del bosque tropical remanente est\u00e1 protegido por parques o reservas. Es cr\u00edtico continuar&nbsp;y expandir la colaboraci\u00f3n internacional y el financiamiento para el manejo de \u00e9stos bosques&nbsp;y selvas.<\/li><li>En tierras privadas y comunales, la conservaci\u00f3n de los bosques tropicales debe considerar los&nbsp;modos de vida de las familias residentes, de manera compatible con el mantenimiento de los&nbsp;bosques. Por ejemplo, el Corredor Biol\u00f3gico Mesoamericano en M\u00e9xico, apoya a la gente y a la&nbsp;conservaci\u00f3n de los bosques por medio de proyectos de manejo forestal sustentable, sistemas&nbsp;agroforestales como el caf\u00e9 y el cacao, las Unidades de Manejo de Vida Silvestre y el ecoturismo.<\/li><\/ul>\n","protected":false},"excerpt":{"rendered":"<p>La cuna de la diversidad de aves de Norteam\u00e9rica Los bosques tropicales en M\u00e9xico se extienden hacia Centroam\u00e9rica y mantienen a cerca de 500&nbsp;especies residentes de aves, as\u00ed como a m\u00e1s de 120 especies que migran desde Canad\u00e1 y los&nbsp;Estados Unidos. Desafortunadamente, la deforestaci\u00f3n y la fragmentaci\u00f3n han reducido estos h\u00e1bitats&nbsp;de importancia continental a peque\u00f1as<a class=\"excerpt-read-more\" href=\"https:\/\/www.stateofthebirds.org\/2016\/es\/habitats\/tropical-forests\/\" title=\"ReadBosques tropicales\">&#8230; Read more &raquo;<\/a><\/p>\n","protected":false},"author":1,"featured_media":749,"parent":1290,"menu_order":0,"comment_status":"closed","ping_status":"closed","template":"","meta":{"_birdpress_hero_toggle":false,"_birdpress_hero_type":"image","_birdpress_hero_image_type":"image","_birdpress_hero_style":"default","_birdpress_hero_ratio":"","_birdpress_hero_h1":"","_birdpress_hero_media_id":0,"_birdpress_hero_media_array_id":[],"_birdpress_hero_media_array":[],"_birdpress_hero_media":0,"_birdpress_hero_video_id":0,"_birdpress_hero_video":0,"_birdpress_hero_youtube":"","_birdpress_hero_content":true,"_birdpress_hero_byline":"","_birdpress_hero_byline_bottom":"","_birdpress_hero_button_link":"","_birdpress_hero_button_text":"","_birdpress_hero_button_color":"","_birdpress_hero_date":false,"original_guid":"","_birdpress_hide_search":false,"_birdpress_page_width":"","_birdpress_global_cta":false,"_birdpress_widget_sidebar":"","_birdpress_next_article":0,"_birdpress_next_article_title":"","_birdpress_prev_article":0,"_birdpress_prev_article_title":"","_birdpress_sub_navigation_id":0,"_birdpress_sub_navigation":"","_birdpress_sub_navigation_title":false,"_birdpress_anchor_navigation_id":0,"_birdpress_anchor_navigation":"","_birdpress_postType":"both","_birdpress_categoryID":0,"_birdpress_tagID":0,"_birdpress_parentPostID":0,"_birdpress_parentPostTitle":"","_birdpress_menuID":0,"_birdpress_menuName":"","_birdpress_listHeader":"","_birdpress_listLayout":"card-display","_birdpress_listColumns":"","_birdpress_maxItems":12,"_birdpress_listPaginate":true,"_birdpress_displaySort":true,"_birdpress_sortOrder":"DESC","_birdpress_sortBy":"date","_birdpress_listID":"","_birdpress_listClass":"","_birdpress_displayImages":true,"_birdpress_displayCaptions":false,"_birdpress_displayExcerpts":false,"_birdpress_attTop":"","_birdpress_attBottom":"","_birdpress_showLogos":false,"_birdpress_post_logo":0,"footnotes":""},"class_list":["post-1296","page","type-page","status-publish","has-post-thumbnail","hentry"],"lang":"es","translations":{"es":1296,"en":40,"fr":1304},"pll_sync_post":[],"_links":{"self":[{"href":"https:\/\/www.stateofthebirds.org\/2016\/wp-json\/wp\/v2\/pages\/1296","targetHints":{"allow":["GET"]}}],"collection":[{"href":"https:\/\/www.stateofthebirds.org\/2016\/wp-json\/wp\/v2\/pages"}],"about":[{"href":"https:\/\/www.stateofthebirds.org\/2016\/wp-json\/wp\/v2\/types\/page"}],"author":[{"embeddable":true,"href":"https:\/\/www.stateofthebirds.org\/2016\/wp-json\/wp\/v2\/users\/1"}],"replies":[{"embeddable":true,"href":"https:\/\/www.stateofthebirds.org\/2016\/wp-json\/wp\/v2\/comments?post=1296"}],"version-history":[{"count":0,"href":"https:\/\/www.stateofthebirds.org\/2016\/wp-json\/wp\/v2\/pages\/1296\/revisions"}],"up":[{"embeddable":true,"href":"https:\/\/www.stateofthebirds.org\/2016\/wp-json\/wp\/v2\/pages\/1290"}],"wp:featuredmedia":[{"embeddable":true,"href":"https:\/\/www.stateofthebirds.org\/2016\/wp-json\/wp\/v2\/media\/749"}],"wp:attachment":[{"href":"https:\/\/www.stateofthebirds.org\/2016\/wp-json\/wp\/v2\/media?parent=1296"}],"curies":[{"name":"wp","href":"https:\/\/api.w.org\/{rel}","templated":true}]}}