{"id":1407,"date":"2021-09-27T12:15:52","date_gmt":"2021-09-27T16:15:52","guid":{"rendered":"https:\/\/stagsotb2016.wpengine.com\/?page_id=1407"},"modified":"2021-09-29T08:57:17","modified_gmt":"2021-09-29T12:57:17","slug":"yellow-rumped-warbler","status":"publish","type":"page","link":"https:\/\/www.stateofthebirds.org\/2016\/fr\/resources\/species-abundance-maps\/yellow-rumped-warbler\/","title":{"rendered":"Paruline \u00e0 croupion jaune"},"content":{"rendered":"\n<div class=\"wp-block-image featured\"><figure class=\"alignright size-full\"><img decoding=\"async\" width=\"1200\" height=\"978\" data-src=\"https:\/\/www.stateofthebirds.org\/2016\/wp-content\/uploads\/2021\/09\/fr-Yellow-rumped_Warbler.gif\" alt=\"\" class=\"wp-image-1520 lazyload\" src=\"data:image\/svg+xml;base64,PHN2ZyB3aWR0aD0iMSIgaGVpZ2h0PSIxIiB4bWxucz0iaHR0cDovL3d3dy53My5vcmcvMjAwMC9zdmciPjwvc3ZnPg==\" style=\"--smush-placeholder-width: 1200px; --smush-placeholder-aspect-ratio: 1200\/978;\" \/><figcaption>Les couleurs vives indiquent l&#8217;abondance relative plus \u00e9lev\u00e9e. <a href=\"https:\/\/www.stateofthebirds.org\/2016\/wp-content\/uploads\/2021\/09\/fr-Yellow-rumped_Warbler.gif\">Voir la carte plus grande.<\/a><\/figcaption><\/figure><\/div>\n\n\n\n<h2 class=\"wp-block-heading\">Au sujet des cartes<\/h2>\n\n\n\n<p>La carte anim\u00e9e montre la r\u00e9partition pr\u00e9vue et l\u2019abondance relative de la Grive des bois durant les 52&nbsp;semaines de l\u2019ann\u00e9e. Elle illustre les mouvements migratoires de l\u2019esp\u00e8ce lorsque ses populations se d\u00e9placent \u00e0 travers le Canada. Plus la couleur est intense, plus \u00e9lev\u00e9 est le nombre pr\u00e9vu d\u2019individus observ\u00e9 lors d\u2019un d\u00e9nombrement normalis\u00e9 eBird.<\/p>\n\n\n\n<p>Les donn\u00e9es sur lesquelles est fond\u00e9e cette carte anim\u00e9e proviennent d\u2019un mod\u00e8le statistique utilis\u00e9 pour pr\u00e9dire l\u2019abondance relative de la population \u00e0 des moments et \u00e0 des endroits pr\u00e9cis en \u00e9tablissant un lien entre les observations d\u2019oiseaux du programme&nbsp;<a href=\"http:\/\/ebird.org\/content\/ebird\/?lang=fr&amp;__hstc=239493084.262274d3d86e53e63ea50ac276dddad5.1627397095269.1632831107616.1632841704500.12&amp;__hssc=239493084.14.1632841704500&amp;__hsfp=658372124\">eBird<\/a>&nbsp;et les caract\u00e9ristiques environnementales locales issues de donn\u00e9es de t\u00e9l\u00e9d\u00e9tection de la NASA. \u00c0 noter que les cartes, parce qu\u2019elles repr\u00e9sentent des mod\u00e8les de l\u2019abondance pr\u00e9vue, visent \u00e0 illustrer les grandes tendances de la connectivit\u00e9 entre les r\u00e9gions et non \u00e0 illustrer pr\u00e9cis\u00e9ment les r\u00e9partitions locales durant une semaine donn\u00e9e. \u00c0 mesure que de plus en plus de donn\u00e9es eBird seront disponibles, la pr\u00e9cision de ces mod\u00e8les de pr\u00e9vision augmentera.<\/p>\n\n\n\n<p>La carte du bas repr\u00e9sente l\u2019abondance relative moyenne pr\u00e9vue pendant la saison de reproduction (\u00e9chelle rouge), en hiver (\u00e9chelle bleue) et durant les migrations d\u2019automne et de printemps (abondance combin\u00e9e, \u00e9chelle verte). Ces cartes, illustrant les liens entre les r\u00e9gions et les principaux habitats, constituent la meilleure repr\u00e9sentation de la r\u00e9partition et de l\u2019abondance d\u2019esp\u00e8ces migratrices \u00e0 longueur d\u2019ann\u00e9e dont nous disposons.<\/p>\n\n\n\n<h2 class=\"wp-block-heading\">Au sujet de l\u2019abondance et de la r\u00e9partition de la Paruline \u00e0 croupion jaune<\/h2>\n\n\n\n<p>La Paruline \u00e0 croupion jaune est l\u2019un des oiseaux les plus abondants en Am\u00e9rique du Nord. Elle relie presque toutes les r\u00e9gions du Canada, des \u00c9tats-Unis et du Mexique pendant son cycle annuel. La population du nord et de l\u2019est (\u00ab&nbsp;paruline de Myrtle&nbsp;\u00bb) se reproduit dans l\u2019ensemble de la for\u00eat bor\u00e9ale en Alaska et au Canada, puis migre vers le sud pour hiverner principalement dans le sud-est des \u00c9tats-Unis, de petits nombres atteignant l\u2019est du Mexique et les Cara\u00efbes, en particulier durant les rudes hivers nordiques. La population de l\u2019ouest (\u00ab&nbsp;paruline d\u2019Audubon&nbsp;\u00bb) niche dans les for\u00eats de conif\u00e8res de l\u2019ouest des \u00c9tats-Unis et du sud-ouest du Canada, et hiverne dans le sud-ouest des \u00c9tats-Unis et les hautes terres du centre et de l\u2019ouest du Mexique. La Paruline \u00e0 croupion jaune tol\u00e8re les habitats perturb\u00e9s. Les populations de l\u2019est sont stables ou \u00e0 la hausse, alors que les populations de l\u2019ouest accusent un d\u00e9clin constant depuis 1970.<\/p>\n","protected":false},"excerpt":{"rendered":"<p>Au sujet des cartes La carte anim\u00e9e montre la r\u00e9partition pr\u00e9vue et l\u2019abondance relative de la Grive des bois durant les 52&nbsp;semaines de l\u2019ann\u00e9e. Elle illustre les mouvements migratoires de l\u2019esp\u00e8ce lorsque ses populations se d\u00e9placent \u00e0 travers le Canada. Plus la couleur est intense, plus \u00e9lev\u00e9 est le nombre pr\u00e9vu d\u2019individus observ\u00e9 lors d\u2019un<a class=\"excerpt-read-more\" href=\"https:\/\/www.stateofthebirds.org\/2016\/fr\/resources\/species-abundance-maps\/yellow-rumped-warbler\/\" title=\"ReadParuline \u00e0 croupion jaune\">&#8230; Read more &raquo;<\/a><\/p>\n","protected":false},"author":1,"featured_media":1166,"parent":1334,"menu_order":0,"comment_status":"closed","ping_status":"closed","template":"","meta":{"_birdpress_hero_toggle":false,"_birdpress_hero_type":"image","_birdpress_hero_image_type":"image","_birdpress_hero_style":"default","_birdpress_hero_ratio":"","_birdpress_hero_h1":"","_birdpress_hero_media_id":0,"_birdpress_hero_media_array_id":[],"_birdpress_hero_media_array":[],"_birdpress_hero_media":0,"_birdpress_hero_video_id":0,"_birdpress_hero_video":0,"_birdpress_hero_youtube":"","_birdpress_hero_content":true,"_birdpress_hero_byline":"","_birdpress_hero_byline_bottom":"","_birdpress_hero_button_link":"","_birdpress_hero_button_text":"","_birdpress_hero_button_color":"","_birdpress_hero_date":false,"original_guid":"","_birdpress_hide_search":false,"_birdpress_page_width":"","_birdpress_global_cta":false,"_birdpress_widget_sidebar":"","_birdpress_next_article":0,"_birdpress_next_article_title":"","_birdpress_prev_article":0,"_birdpress_prev_article_title":"","_birdpress_sub_navigation_id":0,"_birdpress_sub_navigation":"","_birdpress_sub_navigation_title":false,"_birdpress_anchor_navigation_id":0,"_birdpress_anchor_navigation":"","_birdpress_postType":"both","_birdpress_categoryID":0,"_birdpress_tagID":0,"_birdpress_parentPostID":0,"_birdpress_parentPostTitle":"","_birdpress_menuID":0,"_birdpress_menuName":"","_birdpress_listHeader":"","_birdpress_listLayout":"card-display","_birdpress_listColumns":"","_birdpress_maxItems":12,"_birdpress_listPaginate":true,"_birdpress_displaySort":true,"_birdpress_sortOrder":"DESC","_birdpress_sortBy":"date","_birdpress_listID":"","_birdpress_listClass":"","_birdpress_displayImages":true,"_birdpress_displayCaptions":false,"_birdpress_displayExcerpts":false,"_birdpress_attTop":"","_birdpress_attBottom":"","_birdpress_showLogos":false,"_birdpress_post_logo":0,"footnotes":""},"class_list":["post-1407","page","type-page","status-publish","has-post-thumbnail","hentry"],"lang":"fr","translations":{"fr":1407,"es":1396,"en":876},"pll_sync_post":[],"_links":{"self":[{"href":"https:\/\/www.stateofthebirds.org\/2016\/wp-json\/wp\/v2\/pages\/1407","targetHints":{"allow":["GET"]}}],"collection":[{"href":"https:\/\/www.stateofthebirds.org\/2016\/wp-json\/wp\/v2\/pages"}],"about":[{"href":"https:\/\/www.stateofthebirds.org\/2016\/wp-json\/wp\/v2\/types\/page"}],"author":[{"embeddable":true,"href":"https:\/\/www.stateofthebirds.org\/2016\/wp-json\/wp\/v2\/users\/1"}],"replies":[{"embeddable":true,"href":"https:\/\/www.stateofthebirds.org\/2016\/wp-json\/wp\/v2\/comments?post=1407"}],"version-history":[{"count":0,"href":"https:\/\/www.stateofthebirds.org\/2016\/wp-json\/wp\/v2\/pages\/1407\/revisions"}],"up":[{"embeddable":true,"href":"https:\/\/www.stateofthebirds.org\/2016\/wp-json\/wp\/v2\/pages\/1334"}],"wp:featuredmedia":[{"embeddable":true,"href":"https:\/\/www.stateofthebirds.org\/2016\/wp-json\/wp\/v2\/media\/1166"}],"wp:attachment":[{"href":"https:\/\/www.stateofthebirds.org\/2016\/wp-json\/wp\/v2\/media?parent=1407"}],"curies":[{"name":"wp","href":"https:\/\/api.w.org\/{rel}","templated":true}]}}